{"id":3,"date":"2020-05-14T12:58:13","date_gmt":"2020-05-14T10:58:13","guid":{"rendered":"http:\/\/rothbauernhof.de\/?page_id=3"},"modified":"2020-05-25T16:59:19","modified_gmt":"2020-05-25T14:59:19","slug":"datenschutz-impressum","status":"publish","type":"page","link":"https:\/\/rothbauernhof.de\/?page_id=3","title":{"rendered":"Datenschutz &#038; Impressum"},"content":{"rendered":"\t\t<div data-elementor-type=\"wp-page\" data-elementor-id=\"3\" class=\"elementor elementor-3\" data-elementor-settings=\"[]\">\n\t\t\t\t\t\t<div class=\"elementor-inner\">\n\t\t\t\t\t\t\t<div class=\"elementor-section-wrap\">\n\t\t\t\t\t\t\t<section class=\"elementor-section elementor-top-section elementor-element elementor-element-5732c99 elementor-section-boxed elementor-section-height-default elementor-section-height-default\" data-id=\"5732c99\" data-element_type=\"section\" data-settings=\"{&quot;background_background&quot;:&quot;classic&quot;}\">\n\t\t\t\t\t\t<div class=\"elementor-container elementor-column-gap-default\">\n\t\t\t\t\t\t\t<div class=\"elementor-row\">\n\t\t\t\t\t<div class=\"elementor-column elementor-col-50 elementor-top-column elementor-element elementor-element-c669a93\" data-id=\"c669a93\" data-element_type=\"column\">\n\t\t\t<div class=\"elementor-column-wrap elementor-element-populated\">\n\t\t\t\t\t\t\t<div class=\"elementor-widget-wrap\">\n\t\t\t\t\t\t<div class=\"elementor-element elementor-element-7f70da0 elementor-widget elementor-widget-heading\" data-id=\"7f70da0\" data-element_type=\"widget\" data-widget_type=\"heading.default\">\n\t\t\t\t<div class=\"elementor-widget-container\">\n\t\t\t<h2 class=\"elementor-heading-title elementor-size-default\">Datenschutzerkl\u00e4rung<\/h2>\t\t<\/div>\n\t\t\t\t<\/div>\n\t\t\t\t<div class=\"elementor-element elementor-element-8edfb90 elementor-widget elementor-widget-text-editor\" data-id=\"8edfb90\" data-element_type=\"widget\" data-widget_type=\"text-editor.default\">\n\t\t\t\t<div class=\"elementor-widget-container\">\n\t\t\t\t\t\t\t\t<div class=\"elementor-text-editor elementor-clearfix\">\n\t\t\t\t<p><span style=\"font-size: inherit; text-align: inherit; letter-spacing: -0.015em;\">Stand: 24. Mai 2020<\/span><br><\/p>\n<p><\/p>\n<p><u>Inhalts\u00fcbersicht<\/u><\/p>\n<p><\/p>\n<p><ul><li><span style=\"font-size: inherit; text-align: inherit; letter-spacing: -0.015em;\">Verantwortlicher<\/span><br><\/li><li><span style=\"font-size: inherit; text-align: inherit; letter-spacing: -0.015em;\">\u00dcbersicht der Verarbeitungen<\/span><br><\/li><li><span style=\"font-size: inherit; text-align: inherit; letter-spacing: -0.015em;\">Ma\u00dfgebliche Rechtsgrundlagen<\/span><br><\/li><li><span style=\"font-size: inherit; text-align: inherit; letter-spacing: -0.015em;\">Bereitstellung des Onlineangebotes und Webhosting<\/span><br><\/li><li><span style=\"font-size: inherit; text-align: inherit; letter-spacing: -0.015em;\">Plugins und eingebettete Funktionen sowie Inhalte<\/span><br><\/li><\/ul><\/p>\n<p><\/p>\n\n<p><\/p>\n\n<p><\/p>\n\n<p><\/p>\n\n<p><\/p>\n<p><u>Verantwortlicher<\/u><\/p>\n<p><\/p>\n<p>Johann Daberger, Hinteregglburg 2, 85560 Ebersberg<\/p>\n<p><\/p>\n<p>E-Mail-Adresse: mail@rothbauernhof.de<\/p>\n<p><\/p>\n<p><u>\u00dcbersicht der Verarbeitungen<\/u><\/p>\n<p><\/p>\n<p>Die nachfolgende \u00dcbersicht fasst die Arten der verarbeiteten Daten und die Zwecke ihrer Verarbeitung zusammen und verweist auf die betroffenen Personen.<\/p>\n<p><\/p>\n<p><ul><li><span style=\"font-size: inherit; text-align: inherit; letter-spacing: -0.015em;\">Arten der verarbeiteten Daten<\/span><br><\/li><li><span style=\"font-size: inherit; text-align: inherit; letter-spacing: -0.015em;\">Inhaltsdaten (z.B. Texteingaben, Fotografien, Videos).<\/span><br><\/li><li><span style=\"font-size: inherit; text-align: inherit; letter-spacing: -0.015em;\">Meta-\/Kommunikationsdaten (z.B. Ger\u00e4te-Informationen, IP-Adressen).<\/span><br><\/li><li><span style=\"font-size: inherit; text-align: inherit; letter-spacing: -0.015em;\">Nutzungsdaten (z.B. besuchte Webseiten, Interesse an Inhalten, Zugriffszeiten).<\/span><br><\/li><li><span style=\"font-size: inherit; text-align: inherit; letter-spacing: -0.015em;\">Kategorien betroffener Personen<\/span><br><\/li><li><span style=\"font-size: inherit; text-align: inherit; letter-spacing: -0.015em;\">Nutzer (z.B. Webseitenbesucher, Nutzer von Onlinediensten).<\/span><br><\/li><li><span style=\"font-size: inherit; text-align: inherit; letter-spacing: -0.015em;\">Zwecke der Verarbeitung<\/span><br><\/li><li><span style=\"font-size: inherit; text-align: inherit; letter-spacing: -0.015em;\">Bereitstellung unseres Onlineangebotes und Nutzerfreundlichkeit.<\/span><br><\/li><li><span style=\"font-size: inherit; text-align: inherit; letter-spacing: -0.015em;\">Vertragliche Leistungen und Service.<\/span><br><\/li><\/ul><\/p>\n<p><\/p>\n\n<p><\/p>\n\n<p><\/p>\n\n<p><\/p>\n\n<p><\/p>\n\n<p><\/p>\n\n<p><\/p>\n\n<p><\/p>\n\n<p><\/p>\n<p><u>Ma\u00dfgebliche Rechtsgrundlagen<\/u><\/p>\n<p><\/p>\n<p>Im Folgenden teilen wir die Rechtsgrundlagen der Datenschutzgrundverordnung (DSGVO), auf deren Basis wir die personenbezogenen Daten verarbeiten, mit. Bitte beachten Sie, dass zus\u00e4tzlich zu den Regelungen der DSGVO die nationalen Datenschutzvorgaben in Ihrem bzw. unserem Wohn- und Sitzland gelten k\u00f6nnen.<\/p>\n<p><\/p>\n<p>Berechtigte Interessen (Art. 6 Abs. 1 S. 1 lit. f. DSGVO) \u2013 Die Verarbeitung ist zur Wahrung der berechtigten Interessen des Verantwortlichen oder eines Dritten erforderlich, sofern nicht die Interessen oder Grundrechte und Grundfreiheiten der betroffenen Person, die den Schutz personenbezogener Daten erfordern, \u00fcberwiegen.<\/p>\n<p><\/p>\n<p>Nationale Datenschutzregelungen in Deutschland: Zus\u00e4tzlich zu den Datenschutzregelungen der Datenschutz-Grundverordnung gelten nationale Regelungen zum Datenschutz in Deutschland. Hierzu geh\u00f6rt insbesondere das Gesetz zum Schutz vor Missbrauch personenbezogener Daten bei der Datenverarbeitung (Bundesdatenschutzgesetz \u2013 BDSG). Das BDSG enth\u00e4lt insbesondere Spezialregelungen zum Recht auf Auskunft, zum Recht auf L\u00f6schung, zum Widerspruchsrecht, zur Verarbeitung besonderer Kategorien personenbezogener Daten, zur Verarbeitung f\u00fcr andere Zwecke und zur \u00dcbermittlung sowie automatisierten Entscheidungsfindung im Einzelfall einschlie\u00dflich Profiling. Des Weiteren regelt es die Datenverarbeitung f\u00fcr Zwecke des Besch\u00e4ftigungsverh\u00e4ltnisses (\u00a7 26 BDSG), insbesondere im Hinblick auf die Begr\u00fcndung, Durchf\u00fchrung oder Beendigung von Besch\u00e4ftigungsverh\u00e4ltnissen sowie die Einwilligung von Besch\u00e4ftigten. Ferner k\u00f6nnen Landesdatenschutzgesetze der einzelnen Bundesl\u00e4nder zur Anwendung gelangen.<\/p>\n<p><\/p>\n<p><u>Bereitstellung des Onlineangebotes und Webhosting<\/u><\/p>\n<p><\/p>\n<p>Um unser Onlineangebot sicher und effizient bereitstellen zu k\u00f6nnen, nehmen wir die Leistungen von einem oder mehreren Webhosting-Anbietern in Anspruch, von deren Servern (bzw. von ihnen verwalteten Servern) das Onlineangebot abgerufen werden kann. Zu diesen Zwecken k\u00f6nnen wir Infrastruktur- und Plattformdienstleistungen, Rechenkapazit\u00e4t, Speicherplatz und Datenbankdienste sowie Sicherheitsleistungen und technische Wartungsleistungen in Anspruch nehmen.<\/p>\n<p><\/p>\n<p>Zu den im Rahmen der Bereitstellung des Hostingangebotes verarbeiteten Daten k\u00f6nnen alle die Nutzer unseres Onlineangebotes betreffenden Angaben geh\u00f6ren, die im Rahmen der Nutzung und der Kommunikation anfallen. Hierzu geh\u00f6ren regelm\u00e4\u00dfig die IP-Adresse, die notwendig ist, um die Inhalte von Onlineangeboten an Browser ausliefern zu k\u00f6nnen, und alle innerhalb unseres Onlineangebotes oder von Webseiten get\u00e4tigten Eingaben.<\/p>\n<p><\/p>\n<p>E-Mail-Versand und -Hosting: Die von uns in Anspruch genommenen Webhosting-Leistungen umfassen ebenfalls den Versand, den Empfang sowie die Speicherung von E-Mails. Zu diesen Zwecken werden die Adressen der Empf\u00e4nger sowie Absender als auch weitere Informationen betreffend den E-Mailversand (z.B. die beteiligten Provider) sowie die Inhalte der jeweiligen E-Mails verarbeitet. Die vorgenannten Daten k\u00f6nnen ferner zu Zwecken der Erkennung von SPAM verarbeitet werden. Wir bitten darum, zu beachten, dass E-Mails im Internet grunds\u00e4tzlich nicht verschl\u00fcsselt versendet werden. Im Regelfall werden E-Mails zwar auf dem Transportweg verschl\u00fcsselt, aber (sofern kein sogenanntes Ende-zu-Ende-Verschl\u00fcsselungsverfahren eingesetzt wird) nicht auf den Servern, von denen sie abgesendet und empfangen werden. Wir k\u00f6nnen daher f\u00fcr den \u00dcbertragungsweg der E-Mails zwischen dem Absender und dem Empfang auf unserem Server keine Verantwortung \u00fcbernehmen.<\/p>\n<p><\/p>\n<p>Verarbeitete Datenarten: Inhaltsdaten (z.B. Texteingaben, Fotografien, Videos), Nutzungsdaten (z.B. besuchte Webseiten, Interesse an Inhalten, Zugriffszeiten), Meta-\/Kommunikationsdaten (z.B. Ger\u00e4te-Informationen, IP-Adressen).<\/p>\n<p><\/p>\n<p>Betroffene Personen: Nutzer (z.B. Webseitenbesucher, Nutzer von Onlinediensten).<\/p>\n<p><\/p>\n<p>Rechtsgrundlagen: Berechtigte Interessen (Art. 6 Abs. 1 S. 1 lit. f. DSGVO).<\/p>\n<p><\/p>\n<p><u>Plugins und eingebettete Funktionen sowie Inhalte<\/u><\/p>\n<p><\/p>\n<p>Wir binden in unser Onlineangebot Funktions- und Inhaltselemente ein, die von den Servern ihrer jeweiligen Anbieter (nachfolgend bezeichnet als \u201eDrittanbieter\u201d) bezogen werden. Dabei kann es sich zum Beispiel um Grafiken, Videos oder Social-Media-Schaltfl\u00e4chen sowie Beitr\u00e4ge handeln (nachfolgend einheitlich bezeichnet als \u201eInhalte\u201d).<\/p>\n<p><\/p>\n<p>Die Einbindung setzt immer voraus, dass die Drittanbieter dieser Inhalte die IP-Adresse der Nutzer verarbeiten, da sie ohne die IP-Adresse die Inhalte nicht an deren Browser senden k\u00f6nnten. Die IP-Adresse ist damit f\u00fcr die Darstellung dieser Inhalte oder Funktionen erforderlich. Wir bem\u00fchen uns, nur solche Inhalte zu verwenden, deren jeweilige Anbieter die IP-Adresse lediglich zur Auslieferung der Inhalte verwenden. Drittanbieter k\u00f6nnen ferner sogenannte Pixel-Tags (unsichtbare Grafiken, auch als \u201eWeb Beacons\u201c bezeichnet) f\u00fcr statistische oder Marketingzwecke verwenden. Durch die \u201ePixel-Tags\u201c k\u00f6nnen Informationen, wie der Besucherverkehr auf den Seiten dieser Webseite, ausgewertet werden. Die pseudonymen Informationen k\u00f6nnen ferner in Cookies auf dem Ger\u00e4t der Nutzer gespeichert werden und unter anderem technische Informationen zum Browser und zum Betriebssystem, zu verweisenden Webseiten, zur Besuchszeit sowie weitere Angaben zur Nutzung unseres Onlineangebotes enthalten als auch mit solchen Informationen aus anderen Quellen verbunden werden.<\/p>\n<p><\/p>\n<p>Hinweise zu Rechtsgrundlagen: Sofern wir die Nutzer um deren Einwilligung in den Einsatz der Drittanbieter bitten, ist die Rechtsgrundlage der Verarbeitung von Daten die Einwilligung. Ansonsten werden die Daten der Nutzer auf Grundlage unserer berechtigten Interessen (d.h. Interesse an effizienten, wirtschaftlichen und empf\u00e4ngerfreundlichen Leistungen) verarbeitet. In diesem Zusammenhang m\u00f6chten wir Sie auch auf die Informationen zur Verwendung von Cookies in dieser Datenschutzerkl\u00e4rung hinweisen.<\/p>\n<p><\/p>\n<p>Verarbeitete Datenarten: Nutzungsdaten (z.B. besuchte Webseiten, Interesse an Inhalten, Zugriffszeiten), Meta-\/Kommunikationsdaten (z.B. Ger\u00e4te-Informationen, IP-Adressen).<\/p>\n<p><\/p>\n<p>Betroffene Personen: Nutzer (z.B. Webseitenbesucher, Nutzer von Onlinediensten).<\/p>\n<p><\/p>\n<p>Zwecke der Verarbeitung: Bereitstellung unseres Onlineangebotes und Nutzerfreundlichkeit, Vertragliche Leistungen und Service.<\/p>\n<p><\/p>\n<p>Rechtsgrundlagen: Berechtigte Interessen (Art. 6 Abs. 1 S. 1 lit. f. DSGVO).<\/p>\n<p><\/p>\n<p>Eingesetzte Dienste und Diensteanbieter:<\/p>\n<p><\/p>\n<p>Google Fonts: Wir binden die Schriftarten (\\\u201cGoogle Fonts\\\u201c) des Anbieters Google ein, wobei die Daten der Nutzer allein zu Zwecken der Darstellung der Schriftarten im Browser der Nutzer verwendet werden. Die Einbindung erfolgt auf Grundlage unserer berechtigten Interessen an einer technisch sicheren, wartungsfreien und effizienten Nutzung von Schriftarten, deren einheitlicher Darstellung sowie unter Ber\u00fccksichtigung m\u00f6glicher lizenzrechtlicher Restriktionen f\u00fcr deren Einbindung. Dienstanbieter: Google Ireland Limited, Gordon House, Barrow Street, Dublin 4, Irland, Mutterunternehmen: Google LLC, 1600 Amphitheatre Parkway, Mountain View, CA 94043, USA; Website: https:\/\/fonts.google.com\/; Datenschutzerkl\u00e4rung: https:\/\/policies.google.com\/privacy; Privacy Shield (Gew\u00e4hrleistung Datenschutzniveau bei Verarbeitung von Daten in den USA): https:\/\/www.privacyshield.gov\/participant?id=a2zt0000000TRkEAAW&amp;status=Active.<\/p>\n<p><\/p>\n<p>Erstellt mit Datenschutz-Generator.de von Dr. jur. Thomas Schwenke<\/p>\t\t\t\t\t<\/div>\n\t\t\t\t\t\t<\/div>\n\t\t\t\t<\/div>\n\t\t\t\t\t\t<\/div>\n\t\t\t\t\t<\/div>\n\t\t<\/div>\n\t\t\t\t<div class=\"elementor-column elementor-col-50 elementor-top-column elementor-element elementor-element-fa06a57\" data-id=\"fa06a57\" data-element_type=\"column\">\n\t\t\t<div class=\"elementor-column-wrap elementor-element-populated\">\n\t\t\t\t\t\t\t<div class=\"elementor-widget-wrap\">\n\t\t\t\t\t\t<div class=\"elementor-element elementor-element-25079da elementor-widget elementor-widget-heading\" data-id=\"25079da\" data-element_type=\"widget\" data-widget_type=\"heading.default\">\n\t\t\t\t<div class=\"elementor-widget-container\">\n\t\t\t<h2 class=\"elementor-heading-title elementor-size-default\">Impressum<\/h2>\t\t<\/div>\n\t\t\t\t<\/div>\n\t\t\t\t<div class=\"elementor-element elementor-element-4eaca27 elementor-widget elementor-widget-text-editor\" data-id=\"4eaca27\" data-element_type=\"widget\" data-widget_type=\"text-editor.default\">\n\t\t\t\t<div class=\"elementor-widget-container\">\n\t\t\t\t\t\t\t\t<div class=\"elementor-text-editor elementor-clearfix\">\n\t\t\t\t<p>Johann Daberger, Hinteregglburg 2, 85660 Ebersberg, Deutschland<\/p>\n<p style=\"font-size: 18px; text-align: left;\">Email: mail@rothbauernhof.de<\/p>\n<p style=\"font-size: 18px; text-align: left;\">Website: www.rothbauernhof.de<\/p>\n<p style=\"font-size: 18px; text-align: left;\">\u00a0<\/p>\n<p>Gestaltung: Andrea Hollerieth \u2022 www.andrea-hollerieth.de<\/p>\t\t\t\t\t<\/div>\n\t\t\t\t\t\t<\/div>\n\t\t\t\t<\/div>\n\t\t\t\t<div class=\"elementor-element elementor-element-f7992aa elementor-widget elementor-widget-spacer\" data-id=\"f7992aa\" data-element_type=\"widget\" data-widget_type=\"spacer.default\">\n\t\t\t\t<div class=\"elementor-widget-container\">\n\t\t\t\t\t<div class=\"elementor-spacer\">\n\t\t\t<div class=\"elementor-spacer-inner\"><\/div>\n\t\t<\/div>\n\t\t\t\t<\/div>\n\t\t\t\t<\/div>\n\t\t\t\t<div class=\"elementor-element elementor-element-26e562a elementor-align-left elementor-widget elementor-widget-button\" data-id=\"26e562a\" data-element_type=\"widget\" data-widget_type=\"button.default\">\n\t\t\t\t<div class=\"elementor-widget-container\">\n\t\t\t\t\t<div class=\"elementor-button-wrapper\">\n\t\t\t<a href=\"http:\/\/rothbauernhof.de\/?page_id=8\" class=\"elementor-button-link elementor-button elementor-size-sm\" role=\"button\">\n\t\t\t\t\t\t<span class=\"elementor-button-content-wrapper\">\n\t\t\t\t\t\t<span class=\"elementor-button-text\">zur\u00fcck zum Rothbauernhof<\/span>\n\t\t<\/span>\n\t\t\t\t\t<\/a>\n\t\t<\/div>\n\t\t\t\t<\/div>\n\t\t\t\t<\/div>\n\t\t\t\t\t\t<\/div>\n\t\t\t\t\t<\/div>\n\t\t<\/div>\n\t\t\t\t\t\t\t\t<\/div>\n\t\t\t\t\t<\/div>\n\t\t<\/section>\n\t\t\t\t\t\t<\/div>\n\t\t\t\t\t\t<\/div>\n\t\t\t\t\t<\/div>\n\t\t","protected":false},"excerpt":{"rendered":"<p>Datenschutzerkl\u00e4rung Stand: 24. Mai 2020 Inhalts\u00fcbersicht Verantwortlicher \u00dcbersicht der Verarbeitungen Ma\u00dfgebliche Rechtsgrundlagen Bereitstellung des Onlineangebotes und Webhosting Plugins und eingebettete Funktionen sowie Inhalte Verantwortlicher Johann Daberger, Hinteregglburg 2, 85560 Ebersberg E-Mail-Adresse: mail@rothbauernhof.de \u00dcbersicht der Verarbeitungen Die nachfolgende \u00dcbersicht fasst die Arten der verarbeiteten Daten und die Zwecke ihrer Verarbeitung zusammen und verweist auf die betroffenen [&hellip;]<\/p>\n","protected":false},"author":1,"featured_media":0,"parent":8,"menu_order":0,"comment_status":"closed","ping_status":"closed","template":"elementor_header_footer","meta":[],"_links":{"self":[{"href":"https:\/\/rothbauernhof.de\/index.php?rest_route=\/wp\/v2\/pages\/3"}],"collection":[{"href":"https:\/\/rothbauernhof.de\/index.php?rest_route=\/wp\/v2\/pages"}],"about":[{"href":"https:\/\/rothbauernhof.de\/index.php?rest_route=\/wp\/v2\/types\/page"}],"author":[{"embeddable":true,"href":"https:\/\/rothbauernhof.de\/index.php?rest_route=\/wp\/v2\/users\/1"}],"replies":[{"embeddable":true,"href":"https:\/\/rothbauernhof.de\/index.php?rest_route=%2Fwp%2Fv2%2Fcomments&post=3"}],"version-history":[{"count":10,"href":"https:\/\/rothbauernhof.de\/index.php?rest_route=\/wp\/v2\/pages\/3\/revisions"}],"predecessor-version":[{"id":138,"href":"https:\/\/rothbauernhof.de\/index.php?rest_route=\/wp\/v2\/pages\/3\/revisions\/138"}],"up":[{"embeddable":true,"href":"https:\/\/rothbauernhof.de\/index.php?rest_route=\/wp\/v2\/pages\/8"}],"wp:attachment":[{"href":"https:\/\/rothbauernhof.de\/index.php?rest_route=%2Fwp%2Fv2%2Fmedia&parent=3"}],"curies":[{"name":"wp","href":"https:\/\/api.w.org\/{rel}","templated":true}]}}